{"id":476,"date":"2024-06-24T22:21:28","date_gmt":"2024-06-24T19:21:28","guid":{"rendered":"https:\/\/www.dares4us.com\/how-to-play\/"},"modified":"2024-07-01T14:29:10","modified_gmt":"2024-07-01T11:29:10","slug":"ka-spelet","status":"publish","type":"page","link":"https:\/\/www.dares4us.com\/lv\/ka-spelet\/","title":{"rendered":"K\u0101 sp\u0113l\u0113t"},"content":{"rendered":"\n<p><strong>1. solis: Lejupiel\u0101d\u0113jiet sp\u0113li<\/strong><\/p>\n\n\n\n<p>S\u0101ciet ar Dares4Us lejupiel\u0101di no App Store vai Google Play (DR\u012aZUM\u0100 PIEEJAMS). Vienk\u0101r\u0161i mekl\u0113jiet &#8220;Dares4Us&#8221; un noklik\u0161\u0137iniet uz pogas lejupiel\u0101d\u0113t\/instal\u0113t, lai s\u0101ktu.<\/p>\n\n\n\n<p><strong>2. solis: Atveriet lietotni un izv\u0113lieties t\u0113mu<\/strong><\/p>\n\n\n\n<p>P\u0113c instal\u0113\u0161anas atveriet lietotni un izv\u0113lieties t\u0113mu, kas atbilst j\u016bsu ball\u012btes noska\u0146ojumam. Neatkar\u012bgi no t\u0101, vai tas ir neform\u0101ls vakars ar draugiem vai tematiska pas\u0101kuma, j\u016bs atrad\u012bsiet kategoriju, kas atbilst j\u016bsu vajadz\u012bb\u0101m.<\/p>\n\n\n\n<p><strong>3. solis: Izv\u0113lieties intensit\u0101ti<\/strong><\/p>\n\n\n\n<p>T\u0101l\u0101k izv\u0113lieties, cik drosm\u012bgi v\u0113laties sp\u0113l\u0113t. Izv\u0113lieties no trim intensit\u0101tes l\u012bme\u0146iem:<\/p>\n\n\n\n<p>Vieglais: Maigas uzdr\u012bkst\u0113\u0161an\u0101s un paties\u012bbas relaks\u0113jo\u0161ai jautr\u012bbai.<\/p>\n\n\n\n<p>Trakais: Aizraujo\u0161i izaicin\u0101jumi, kas paaugstina likmes.<\/p>\n\n\n\n<p>Ekstr\u0113mais: Tiem, kas gatavi p\u0101rk\u0101pt robe\u017eas un pie\u0146emt drosm\u012bgus izaicin\u0101jumus.<\/p>\n\n\n\n<p><strong>4. solis: Iestatiet sp\u0113les ilgumu<\/strong><\/p>\n\n\n\n<p>Izlemiet, cik ilgi v\u0113laties sp\u0113l\u0113t, izv\u0113loties raundu skaitu. J\u016bs varat izv\u0113l\u0113ties starp 10, 20, 30 vai 40 raundiem, atkar\u012bb\u0101 no t\u0101, cik ilgi v\u0113laties, lai jautr\u012bba ilgst.<\/p>\n\n\n\n<p><strong>5. solis: Pievienojiet sp\u0113l\u0113t\u0101jus<\/strong><\/p>\n\n\n\n<p>Ievadiet visu dal\u012bbnieku v\u0101rdus. Tas personaliz\u0113 sp\u0113li un iestata sp\u0113l\u0113t\u0101ju sarakstu sesijai.<\/p>\n\n\n\n<p><strong>6. solis: S\u0101ciet sp\u0113li<\/strong><\/p>\n\n\n\n<p>Spiediet pogu &#8220;Let&#8217;s play&#8221;. Sp\u0113les interfeiss j\u016bs vad\u012bs t\u0101l\u0101k.<\/p>\n\n\n\n<p><strong>7. solis: Sp\u0113les sp\u0113l\u0113\u0161ana<\/strong><\/p>\n\n\n\n<p>Sp\u0113les laik\u0101 sp\u0113l\u0113t\u0101ju v\u0101rdi nejau\u0161i par\u0101d\u012bsies uz ekr\u0101na. Kad par\u0101d\u0101s j\u016bsu v\u0101rds, izv\u0113lieties starp paties\u012bbu vai uzdr\u012bkst\u0113\u0161anos. Jums j\u0101pabeidz izv\u0113l\u0113tais izaicin\u0101jums vai j\u0101atbild uz paties\u012bbu, lai ieg\u016btu punktus.<\/p>\n\n\n\n<p><strong>8. solis: Punktu skait\u012b\u0161ana un bonusa g\u0101jieni<\/strong><\/p>\n\n\n\n<p>Kr\u0101jiet punktus, veiksm\u012bgi pabeidzot uzdr\u012bkst\u0113\u0161an\u0101s un paties\u012bbas. Punktu kr\u0101\u0161anas laik\u0101 j\u016bs atsl\u0113gsiet \u012bpa\u0161us bonusa g\u0101jienus. \u0160ie g\u0101jieni var b\u016bt strat\u0113\u0123iski r\u012bki, ko izmantot sp\u0113les laik\u0101, lai ietekm\u0113tu citus sp\u0113l\u0113t\u0101jus, padarot sp\u0113les procesu v\u0113l aizraujo\u0161\u0101ku.<\/p>\n\n\n\n<p><strong>9. solis: Sp\u0113les kulmin\u0101cija<\/strong><\/p>\n\n\n\n<p>Sp\u0113le turpin\u0101s l\u012bdz tiek pabeigti visi raundi. Sp\u0113l\u0113t\u0101js ar augst\u0101ko punktu skaitu var sa\u0146emt papildu bonusa g\u0101jienus k\u0101 balvu sp\u0113les beig\u0101s, svinot vi\u0146u drosm\u012bgo garu un strat\u0113\u0123isko sp\u0113li.<\/p>\n\n\n\n<p>&#8230;<\/p>\n\n\n\n<p>Ar pla\u0161u paties\u012bbu un uzdr\u012bkst\u0113\u0161an\u0101s kl\u0101stu katras sp\u0113les ir unik\u0101la, nodro\u0161inot, ka neviena sp\u0113le nav vien\u0101da. Dares4Us sola aizraujo\u0161u vakaru pilnu ar smiekliem, saikni un piedz\u012bvojumiem!<\/p>\n","protected":false},"excerpt":{"rendered":"<p>1. solis: Lejupiel\u0101d\u0113jiet sp\u0113li S\u0101ciet ar Dares4Us lejupiel\u0101di no App Store vai Google Play (DR\u012aZUM\u0100 PIEEJAMS). Vienk\u0101r\u0161i mekl\u0113jiet &#8220;Dares4Us&#8221; un [&hellip;]<\/p>\n","protected":false},"author":3,"featured_media":0,"parent":0,"menu_order":0,"comment_status":"closed","ping_status":"closed","template":"","meta":{"_acf_changed":false,"footnotes":""},"class_list":["post-476","page","type-page","status-publish","hentry"],"acf":[],"_links":{"self":[{"href":"https:\/\/www.dares4us.com\/lv\/wp-json\/wp\/v2\/pages\/476","targetHints":{"allow":["GET"]}}],"collection":[{"href":"https:\/\/www.dares4us.com\/lv\/wp-json\/wp\/v2\/pages"}],"about":[{"href":"https:\/\/www.dares4us.com\/lv\/wp-json\/wp\/v2\/types\/page"}],"author":[{"embeddable":true,"href":"https:\/\/www.dares4us.com\/lv\/wp-json\/wp\/v2\/users\/3"}],"replies":[{"embeddable":true,"href":"https:\/\/www.dares4us.com\/lv\/wp-json\/wp\/v2\/comments?post=476"}],"version-history":[{"count":2,"href":"https:\/\/www.dares4us.com\/lv\/wp-json\/wp\/v2\/pages\/476\/revisions"}],"predecessor-version":[{"id":534,"href":"https:\/\/www.dares4us.com\/lv\/wp-json\/wp\/v2\/pages\/476\/revisions\/534"}],"wp:attachment":[{"href":"https:\/\/www.dares4us.com\/lv\/wp-json\/wp\/v2\/media?parent=476"}],"curies":[{"name":"wp","href":"https:\/\/api.w.org\/{rel}","templated":true}]}}