{"id":482,"date":"2023-10-13T17:27:32","date_gmt":"2023-10-13T14:27:32","guid":{"rendered":"https:\/\/www.dares4us.com\/about-us\/"},"modified":"2025-09-10T17:05:45","modified_gmt":"2025-09-10T14:05:45","slug":"par-mums","status":"publish","type":"page","link":"https:\/\/www.dares4us.com\/lv\/par-mums\/","title":{"rendered":"Par mums"},"content":{"rendered":"\n<p>M\u0113s, Dares4Us, ticam, ka katra san\u0101k\u0161anas reize var b\u016bt neaizmirstams piedz\u012bvojums. M\u016bsu lietotni dibin\u0101ja draugu grupa, kuriem patika katru ball\u012bti p\u0101rv\u0113rst episk\u0101 notikum\u0101. M\u016bsu lietotne piepilda soci\u0101l\u0101s san\u0101k\u0161anas ar aizraujo\u0161\u0101m un interakt\u012bv\u0101m Paties\u012bbas vai Uzdr\u012bkst\u0113\u0161an\u0101s sp\u0113l\u0113m.<\/p>\n\n\n\n<p><strong>M\u016bsu misija<\/strong><\/p>\n\n\n\n<p>M\u016bsu misija ir vienk\u0101r\u0161a: padar\u012bt j\u016bsu soci\u0101lo pieredzi jautr\u0101ku un katru ball\u012bti neaizmirstamu. Vai tas ir kluss vakars ar tuv\u0101kajiem draugiem vai traka svin\u012bba, Dares4Us pied\u0101v\u0101 kaut ko katram, nodro\u0161inot smieklu, saiknes rad\u012b\u0161anas un nedaudz drosmes piegar\u0161u.<\/p>\n\n\n\n<p><strong>Ko m\u0113s dar\u0101m<\/strong><\/p>\n\n\n\n<p>M\u0113s specializ\u0113jamies dinamisku un izklaid\u0113jo\u0161u ball\u012b\u0161u sp\u0113\u013cu rad\u012b\u0161an\u0101, kas ir viegli sp\u0113l\u0113jamas un pieejamas ikvienam. M\u016bsu lietotne pied\u0101v\u0101 pla\u0161u t\u0113mu un gr\u016bt\u012bbas pak\u0101pju kl\u0101stu, lai apmierin\u0101tu visda\u017e\u0101d\u0101ko sp\u0113l\u0113t\u0101ju un ball\u012b\u0161u atmosf\u0113ru vajadz\u012bbas.<\/p>\n\n\n\n<p><strong>Pievienojieties jautr\u012bbai<\/strong><\/p>\n\n\n\n<p>Iel\u0113ciet Dares4Us pasaul\u0113 un p\u0101rv\u0113rtiet savu n\u0101kamo san\u0101k\u0161anu par pils\u0113tas runu. T\u0101 nav vienk\u0101r\u0161i sp\u0113le; tas ir piedz\u012bvojums. Veidojiet atmi\u0146as kop\u0101 ar mums!<\/p>\n","protected":false},"excerpt":{"rendered":"<p>M\u0113s, Dares4Us, ticam, ka katra san\u0101k\u0161anas reize var b\u016bt neaizmirstams piedz\u012bvojums. M\u016bsu lietotni dibin\u0101ja draugu grupa, kuriem patika katru ball\u012bti [&hellip;]<\/p>\n","protected":false},"author":1,"featured_media":0,"parent":0,"menu_order":0,"comment_status":"closed","ping_status":"closed","template":"","meta":{"_acf_changed":false,"footnotes":""},"class_list":["post-482","page","type-page","status-publish","hentry"],"acf":[],"_links":{"self":[{"href":"https:\/\/www.dares4us.com\/lv\/wp-json\/wp\/v2\/pages\/482","targetHints":{"allow":["GET"]}}],"collection":[{"href":"https:\/\/www.dares4us.com\/lv\/wp-json\/wp\/v2\/pages"}],"about":[{"href":"https:\/\/www.dares4us.com\/lv\/wp-json\/wp\/v2\/types\/page"}],"author":[{"embeddable":true,"href":"https:\/\/www.dares4us.com\/lv\/wp-json\/wp\/v2\/users\/1"}],"replies":[{"embeddable":true,"href":"https:\/\/www.dares4us.com\/lv\/wp-json\/wp\/v2\/comments?post=482"}],"version-history":[{"count":4,"href":"https:\/\/www.dares4us.com\/lv\/wp-json\/wp\/v2\/pages\/482\/revisions"}],"predecessor-version":[{"id":867,"href":"https:\/\/www.dares4us.com\/lv\/wp-json\/wp\/v2\/pages\/482\/revisions\/867"}],"wp:attachment":[{"href":"https:\/\/www.dares4us.com\/lv\/wp-json\/wp\/v2\/media?parent=482"}],"curies":[{"name":"wp","href":"https:\/\/api.w.org\/{rel}","templated":true}]}}