{"id":484,"date":"2023-10-13T13:42:20","date_gmt":"2023-10-13T10:42:20","guid":{"rendered":"https:\/\/www.dares4us.com\/privacy-policy\/"},"modified":"2024-07-01T14:35:53","modified_gmt":"2024-07-01T11:35:53","slug":"privacy-policy","status":"publish","type":"page","link":"https:\/\/www.dares4us.com\/lv\/privacy-policy\/","title":{"rendered":"Priv\u0101tuma politika"},"content":{"rendered":"\n<p><strong>P\u0101rskats<\/strong> \u0160\u012b priv\u0101tuma politika apraksta, k\u0101 &#8220;Dares4Us&#8221; apstr\u0101d\u0101 personisko inform\u0101ciju, ko m\u0113s ieg\u016bstam no lietot\u0101jiem, kas apmekl\u0113 m\u016bsu t\u012bmek\u013ca vietni. M\u0113s esam ap\u0146\u0113mu\u0161ies aizsarg\u0101t j\u016bsu priv\u0101tumu un nodro\u0161in\u0101t dro\u0161u tie\u0161saistes pieredzi.<\/p>\n\n\n\n<p><strong>Personas datu v\u0101k\u0161ana<\/strong> Kontaktforma: M\u016bsu t\u012bmek\u013ca vietn\u0113 ir kontaktforma, kas \u013cauj jums sazin\u0101ties ar mums, lai uzdotu jaut\u0101jumus vai sniegtu atsauksmes. Kad j\u016bs izmantojat kontaktformu, m\u0113s v\u0101cam j\u016bsu e-pasta adresi tikai ar m\u0113r\u0137i atbild\u0113t uz j\u016bsu jaut\u0101jumiem. M\u0113s \u0161o inform\u0101ciju neizmantoj\u0101m nek\u0101diem citiem nol\u016bkiem un nedal\u0101mies taj\u0101 ar tre\u0161aj\u0101m pus\u0113m.<\/p>\n\n\n\n<p><strong>S\u012bkdatnes<\/strong> Lai uzlabotu un personaliz\u0113tu j\u016bsu lietot\u0101ja pieredzi, m\u016bsu t\u012bmek\u013ca vietne izmanto s\u012bkdatnes. \u0160\u012bs s\u012bkdatnes pal\u012bdz uzlabot vietnes funkcionalit\u0101ti un saprast, k\u0101 lietot\u0101ji ar to mijiedarbojas. T\u0101s tiek izmantotas tikai anal\u012btiskiem nol\u016bkiem un nev\u0101c nek\u0101du personisku identifik\u0101cijas inform\u0101ciju. J\u016bs varat izv\u0113l\u0113ties atsp\u0113jot s\u012bkdatnes sav\u0101 p\u0101rl\u016bkprogrammas iestat\u012bjumos, lai gan tas var ietekm\u0113t vietnes funkcionalit\u0101ti.<\/p>\n\n\n\n<p><strong>Inform\u0101cijas izmanto\u0161ana<\/strong> Ieg\u016bt\u0101 inform\u0101cija tiek izmantota \u0161\u0101diem m\u0113r\u0137iem:<\/p>\n\n\n\n<p>Lai atbild\u0113tu uz jaut\u0101jumiem, kas nos\u016bt\u012bti caur m\u016bsu kontaktformu. Lai analiz\u0113tu vietnes lieto\u0161anu un veiktu uzlabojumus, balstoties uz lietot\u0101ju uzved\u012bbu. <strong>Datu dro\u0161\u012bba<\/strong> M\u0113s \u012bstenojam da\u017e\u0101dus dro\u0161\u012bbas pas\u0101kumus, lai uztur\u0113tu j\u016bsu personisko inform\u0101ciju dro\u0161\u012bbu, kad j\u016bs to ievad\u0101t, iesniedzat vai piek\u013c\u016bstat tai.<\/p>\n\n\n\n<p><strong>Tre\u0161o pu\u0161u izpau\u0161ana<\/strong> M\u0113s nep\u0101rdodam, nemain\u0101m un nek\u0101d\u0101 cit\u0101 veid\u0101 nenododam j\u016bsu personiski identific\u0113jamo inform\u0101ciju \u0101r\u0113j\u0101m pus\u0113m. Tas neattiecas uz uzticam\u0101m tre\u0161aj\u0101m pus\u0113m, kas pal\u012bdz mums p\u0101rvald\u012bt m\u016bsu t\u012bmek\u013ca vietni, veikt biznesu vai apkalpot m\u016bsu lietot\u0101jus, tik ilgi, kam\u0113r \u0161\u012bs puses piekr\u012bt \u0161o inform\u0101ciju glab\u0101t konfidenci\u0101li.<\/p>\n\n\n\n<p><strong>Izmai\u0146as \u0161aj\u0101 priv\u0101tuma politik\u0101<\/strong> Laika gait\u0101 m\u0113s varam atjaunot m\u016bsu priv\u0101tuma politiku. Par jebk\u0101d\u0101m izmai\u0146\u0101m j\u016bs inform\u0113sim, public\u0113jot jauno priv\u0101tuma politiku \u0161aj\u0101 lap\u0101. Jums ieteicams periodiski p\u0101rskat\u012bt \u0161o priv\u0101tuma politiku, lai iepaz\u012btos ar jebk\u0101d\u0101m izmai\u0146\u0101m.<\/p>\n\n\n\n<p><strong>Sazinieties ar mums<\/strong> Ja jums ir jaut\u0101jumi par \u0161o priv\u0101tuma politiku, l\u016bdzu, sazinieties ar mums, izmantojot m\u016bsu t\u012bmek\u013ca vietni.<\/p>\n","protected":false},"excerpt":{"rendered":"<p>P\u0101rskats \u0160\u012b priv\u0101tuma politika apraksta, k\u0101 &#8220;Dares4Us&#8221; apstr\u0101d\u0101 personisko inform\u0101ciju, ko m\u0113s ieg\u016bstam no lietot\u0101jiem, kas apmekl\u0113 m\u016bsu t\u012bmek\u013ca vietni. [&hellip;]<\/p>\n","protected":false},"author":1,"featured_media":0,"parent":0,"menu_order":0,"comment_status":"closed","ping_status":"open","template":"","meta":{"_acf_changed":false,"footnotes":""},"class_list":["post-484","page","type-page","status-publish","hentry"],"acf":[],"_links":{"self":[{"href":"https:\/\/www.dares4us.com\/lv\/wp-json\/wp\/v2\/pages\/484","targetHints":{"allow":["GET"]}}],"collection":[{"href":"https:\/\/www.dares4us.com\/lv\/wp-json\/wp\/v2\/pages"}],"about":[{"href":"https:\/\/www.dares4us.com\/lv\/wp-json\/wp\/v2\/types\/page"}],"author":[{"embeddable":true,"href":"https:\/\/www.dares4us.com\/lv\/wp-json\/wp\/v2\/users\/1"}],"replies":[{"embeddable":true,"href":"https:\/\/www.dares4us.com\/lv\/wp-json\/wp\/v2\/comments?post=484"}],"version-history":[{"count":2,"href":"https:\/\/www.dares4us.com\/lv\/wp-json\/wp\/v2\/pages\/484\/revisions"}],"predecessor-version":[{"id":537,"href":"https:\/\/www.dares4us.com\/lv\/wp-json\/wp\/v2\/pages\/484\/revisions\/537"}],"wp:attachment":[{"href":"https:\/\/www.dares4us.com\/lv\/wp-json\/wp\/v2\/media?parent=484"}],"curies":[{"name":"wp","href":"https:\/\/api.w.org\/{rel}","templated":true}]}}